{"id":143918,"date":"2026-05-06T11:37:04","date_gmt":"2026-05-06T09:37:04","guid":{"rendered":"https:\/\/www.otwierane.pl\/?post_type=product&#038;p=143918"},"modified":"2026-05-07T11:28:19","modified_gmt":"2026-05-07T09:28:19","slug":"aluminiowy-uchwyt-do-zaluzji-tarasowych","status":"publish","type":"product","link":"https:\/\/www.otwierane.pl\/en\/produkt\/aluminiowy-uchwyt-do-zaluzji-tarasowych\/","title":{"rendered":"Aluminiowy uchwyt do \u017caluzji tarasowych"},"content":{"rendered":"<h2 data-section-id=\"1r1x87i\" data-start=\"0\" data-end=\"84\" data-sid=\"js-tifelwsp\">Aluminiowy uchwyt do \u017caluzji tarasowych \u2013 mechanizm do ruchomych deseczek i lameli<\/h2>\n<p data-start=\"86\" data-end=\"346\" data-sid=\"js-dihosejn\"><strong>Aluminiowy uchwyt do \u017caluzji tarasowych<\/strong> to mechanizm przeznaczony do budowy ruchomych \u017caluzji zewn\u0119trznych z drewna lub aluminium. System pozwala tworzy\u0107 regulowane \u015bciany \u017caluzjowe w pergolach, zabudowach taras\u00f3w, balkonach, altanach i obiektach komercyjnych.<\/p>\n<p data-start=\"348\" data-end=\"517\" data-sid=\"js-htha14yi\">Mechanizm umo\u017cliwia <strong>p\u0142ynn\u0105 zmian\u0119 k\u0105ta nachylenia deseczek bez u\u017cycia pr\u0105du,<\/strong> si\u0142ownik\u00f3w i automatyki. To rozwi\u0105zanie manualne, trwa\u0142e i odporne na warunki atmosferyczne.<\/p>\n<p data-start=\"519\" data-end=\"696\" data-sid=\"js-gixkkc2x\"><strong>Uchwyty aluminiowe maj\u0105 takie same wymiary oraz kompatybilno\u015b\u0107 materia\u0142ow\u0105 jak system OpenUp System.<\/strong> R\u00f3\u017cni\u0105 si\u0119 jednak sposobem monta\u017cu desek i lameli oraz materia\u0142em wykonania.<\/p>\n<h2 data-section-id=\"18yn5o2\" data-start=\"698\" data-end=\"752\" data-sid=\"js-thg1sl6m\">Co to jest aluminiowy uchwyt do \u017caluzji tarasowych?<\/h2>\n<p data-start=\"754\" data-end=\"907\" data-sid=\"js-9ntr7zrs\">Aluminiowy uchwyt do \u017caluzji tarasowych to <strong>komplet dw\u00f3ch uchwyt\u00f3w \u2013 lewego i prawego. Ka\u017cdy uchwyt sk\u0142ada sie z prowadnicy z 6 ruchomymi ramionami <\/strong>na\u00a0deseczki lub lamele aluminiowe.<\/p>\n<p data-start=\"909\" data-end=\"995\" data-sid=\"js-35int11i\">Obr\u00f3t uchwyt\u00f3w pozwala jednocze\u015bnie regulowa\u0107 ustawienie wszystkich deseczek w module.<\/p>\n<p data-start=\"997\" data-end=\"1053\" data-sid=\"js-o62575i7\">System dzia\u0142a manualnie \u2013 bez silnik\u00f3w, linek i spr\u0119\u017cyn.<\/p>\n<p data-start=\"1055\" data-end=\"1126\" data-sid=\"js-tpd0nt1o\">Mechanizm przeznaczony jest do budowy ruchomych \u017caluzji zewn\u0119trznych w:<\/p>\n<ul data-start=\"1128\" data-end=\"1241\">\n<li data-section-id=\"oc06i5\" data-start=\"1128\" data-end=\"1140\">pergolas,<\/li>\n<li data-section-id=\"1efh6bz\" data-start=\"1141\" data-end=\"1162\">terrace buildings,<\/li>\n<li data-section-id=\"m4gwa3\" data-start=\"1163\" data-end=\"1175\">balconies,<\/li>\n<li data-section-id=\"u09fko\" data-start=\"1176\" data-end=\"1187\">arbours,<\/li>\n<li data-section-id=\"1ow4gat\" data-start=\"1188\" data-end=\"1198\">sheds,<\/li>\n<li data-section-id=\"1njo95q\" data-start=\"1199\" data-end=\"1241\">zabudowach restauracyjnych i hotelowych.<\/li>\n<\/ul>\n<h2 data-section-id=\"1inxvql\" data-start=\"1243\" data-end=\"1312\" data-sid=\"js-dxawlitp\">Najwa\u017cniejsze parametry aluminiowego uchwytu do \u017caluzji tarasowych<\/h2>\n<ul data-start=\"1314\" data-end=\"1488\">\n<li data-section-id=\"1e3m8hx\" data-start=\"1314\" data-end=\"1349\"><strong>wysoko\u015b\u0107 jednego modu\u0142u: 58,2 cm,<\/strong><\/li>\n<li data-section-id=\"1rb2qh4\" data-start=\"1350\" data-end=\"1369\"><strong>liczba gniazd: 6,<\/strong><\/li>\n<li data-section-id=\"3tpzco\" data-start=\"1370\" data-end=\"1392\"><strong>material: aluminium,<\/strong><\/li>\n<li data-section-id=\"vr1yry\" data-start=\"1393\" data-end=\"1423\">monta\u017c: pionowy lub poziomy,<\/li>\n<li data-section-id=\"10mhogj\" data-start=\"1424\" data-end=\"1471\">mo\u017cliwo\u015b\u0107 \u0142\u0105czenia modu\u0142\u00f3w w wy\u017csz\u0105 zabudow\u0119,<\/li>\n<li data-section-id=\"1j2jdo4\" data-start=\"1472\" data-end=\"1488\"><strong>kolor: czarny.<\/strong><\/li>\n<\/ul>\n<p data-start=\"1490\" data-end=\"1548\" data-sid=\"js-0qzwyupr\">Jeden modu\u0142 pozwala os\u0142oni\u0107 a\u017c 58,2 cm wysoko\u015bci zabudowy.<\/p>\n<p data-start=\"1550\" data-end=\"1629\" data-sid=\"js-7ew80ji3\">Kolejne modu\u0142y mo\u017cesz montowa\u0107 jeden nad drugim, tworz\u0105c pe\u0142n\u0105 \u015bcian\u0119 \u017caluzjow\u0105.<\/p>\n<h2 data-section-id=\"h75qu6\" data-start=\"1631\" data-end=\"1699\" data-sid=\"js-z46r94yj\">Aluminiowy uchwyt do ruchomych deseczek \u2013 wa\u017cna r\u00f3\u017cnica monta\u017cowa<\/h2>\n<p data-start=\"1701\" data-end=\"1821\" data-sid=\"js-esgbsc1k\"><strong>Uwaga! W aluminiowych uchwytach ka\u017cd\u0105 desk\u0119 lub lamel\u0119 musisz dodatkowo przewierci\u0107 i przykr\u0119ci\u0107 do ruchomego ramienia uchwytu.<\/strong><\/p>\n<p data-start=\"1823\" data-end=\"1922\" data-sid=\"js-72golxri\">Uchwyty posiadaj\u0105 gotowe otwory pod \u015bruby mocuj\u0105ce, jednak \u015bruby nale\u017cy dobra\u0107 we w\u0142asnym zakresie.<\/p>\n<p data-start=\"1924\" data-end=\"2031\" data-sid=\"js-3es7xuiq\">Przy jednym komplecie uchwyt\u00f3w potrzeba a\u017c 12 po\u0142\u0105cze\u0144 \u015brubowych \u2013 po dwie \u015bruby na ka\u017cd\u0105 desk\u0119 lub lamel\u0119.<\/p>\n<p data-start=\"2033\" data-end=\"2152\" data-sid=\"js-tqdykwlv\">W praktyce oznacza to d\u0142u\u017cszy czas monta\u017cu w por\u00f3wnaniu do system\u00f3w, w kt\u00f3rych deseczki s\u0105 jedynie wklikowane w uchwyt.<\/p>\n<h2 data-section-id=\"zu7oxx\" data-start=\"2154\" data-end=\"2231\" data-sid=\"js-4yfvadma\">Z jakimi materia\u0142ami wsp\u00f3\u0142pracuje aluminiowy uchwyt do \u017caluzji tarasowych?<\/h2>\n<p data-start=\"2233\" data-end=\"2263\" data-sid=\"js-u4vrpmfw\">Uchwyty zosta\u0142y dopasowane do:<\/p>\n<ul data-start=\"2265\" data-end=\"2357\">\n<li data-section-id=\"wtdpjv\" data-start=\"2265\" data-end=\"2308\"><strong>desek drewnianych o przekroju 9,8 \u00d7 2 cm,<\/strong><\/li>\n<li data-section-id=\"1jrgqrs\" data-start=\"2309\" data-end=\"2357\"><strong>lameli aluminiowych o przekroju 9,9 \u00d7 1,95 cm.<\/strong><\/li>\n<\/ul>\n<p data-start=\"2359\" data-end=\"2431\" data-sid=\"js-xudxwniw\">System wsp\u00f3\u0142pracuje z tymi samymi wymiarami materia\u0142\u00f3w co OpenUp System.<\/p>\n<p data-start=\"2433\" data-end=\"2537\" data-sid=\"js-4k18e6fw\">Precyzyjne dopasowanie przekroj\u00f3w pozwala zachowa\u0107 r\u00f3wn\u0105 lini\u0119 \u017caluzji i prawid\u0142ow\u0105 prac\u0119 ca\u0142ego modu\u0142u.<\/p>\n<h2 data-section-id=\"ihhi8p\" data-start=\"2539\" data-end=\"2607\" data-sid=\"js-tqttvrff\">Co zawiera komplet aluminiowych uchwyt\u00f3w do \u017caluzji zewn\u0119trznych?<\/h2>\n<p data-start=\"2609\" data-end=\"2625\" data-sid=\"js-8z93yu5j\">Komplet zawiera:<\/p>\n<ul data-start=\"2627\" data-end=\"2657\">\n<li data-section-id=\"kq3bon\" data-start=\"2627\" data-end=\"2641\">uchwyt lewy,<\/li>\n<li data-section-id=\"1qceln3\" data-start=\"2642\" data-end=\"2657\">uchwyt prawy.<\/li>\n<\/ul>\n<p data-start=\"2659\" data-end=\"2717\" data-sid=\"js-8ehjail6\">Uchwyty posiadaj\u0105 przygotowane otwory pod \u015bruby monta\u017cowe.<\/p>\n<p data-start=\"2719\" data-end=\"2777\" data-sid=\"js-cl93rny2\">\u015aruby mocuj\u0105ce deseczki lub lamele nie s\u0105 cz\u0119\u015bci\u0105 zestawu.<\/p>\n<h2 data-section-id=\"80t9mg\" data-start=\"3321\" data-end=\"3374\" data-sid=\"js-u8vj05cj\">Monta\u017c aluminiowych uchwyt\u00f3w do \u017caluzji tarasowych<\/h2>\n<p data-start=\"3376\" data-end=\"3389\" data-sid=\"js-zxd0p6fj\">System mo\u017cna:<\/p>\n<ul data-start=\"3391\" data-end=\"3549\">\n<li data-section-id=\"dh4y5z\" data-start=\"3391\" data-end=\"3422\">mounted vertically or horizontally,<\/li>\n<li data-section-id=\"1hyp5et\" data-start=\"3423\" data-end=\"3448\">\u0142\u0105czy\u0107 w wy\u017csze modu\u0142y,<\/li>\n<li data-section-id=\"1jzwefh\" data-start=\"3449\" data-end=\"3506\">stosowa\u0107 z deskami drewnianymi i lamelami aluminiowymi,<\/li>\n<li data-section-id=\"76thwa\" data-start=\"3507\" data-end=\"3549\">dzieli\u0107 na niezale\u017cnie pracuj\u0105ce sekcje.<\/li>\n<\/ul>\n<p data-start=\"3551\" data-end=\"3652\" data-sid=\"js-x6qx8rhp\">Podczas monta\u017cu nale\u017cy przewierci\u0107 desk\u0119 lub lamel\u0119 i po\u0142\u0105czy\u0107 j\u0105 \u015brub\u0105 z ruchomym ramieniem uchwytu.<\/p>\n<h2 data-section-id=\"n76tln\" data-start=\"3654\" data-end=\"3710\" data-sid=\"js-7k2rg0tn\">Dla kogo s\u0105 aluminiowe uchwyty do \u017caluzji tarasowych?<\/h2>\n<p data-start=\"3712\" data-end=\"3742\" data-sid=\"js-ec2wn3io\">Produkt przeznaczony jest dla:<\/p>\n<ul data-start=\"3744\" data-end=\"3930\">\n<li data-section-id=\"oa0niy\" data-start=\"3744\" data-end=\"3782\">firm wykonuj\u0105cych zabudowy tarasowe,<\/li>\n<li data-section-id=\"17jqooa\" data-start=\"3783\" data-end=\"3805\">producent\u00f3w pergoli,<\/li>\n<li data-section-id=\"18sxvr8\" data-start=\"3806\" data-end=\"3831\">architekt\u00f3w ogrodowych,<\/li>\n<li data-section-id=\"wgfe38\" data-start=\"3832\" data-end=\"3872\">os\u00f3b buduj\u0105cych zabudow\u0119 samodzielnie,<\/li>\n<li data-section-id=\"120o9nj\" data-start=\"3873\" data-end=\"3930\">klient\u00f3w preferuj\u0105cych metalowe elementy konstrukcyjne.<\/li>\n<\/ul>\n<p data-start=\"3932\" data-end=\"4150\" data-is-last-node=\"\" data-is-only-node=\"\" data-sid=\"js-rd4lj335\">Je\u015bli szukasz mechanizmu do budowy ruchomych \u017caluzji zewn\u0119trznych z aluminium lub drewna, aluminiowy uchwyt do \u017caluzji tarasowych pozwala stworzy\u0107 trwa\u0142\u0105 i regulowan\u0105 zabudow\u0119 dopasowan\u0105 do pergoli, tarasu lub balkonu.<\/p>","protected":false},"excerpt":{"rendered":"<div class=\"\" data-turn-id-container=\"cc9ddb51-ad3c-457b-925a-937d502fa5f8\" data-is-intersecting=\"true\">Aluminiowy uchwyt do \u017caluzji tarasowych<\/div>\n<div class=\"\" data-turn-id-container=\"request-WEB:ac36bf8e-76f3-41f8-bf68-497b582f0745-17\" data-is-intersecting=\"true\">\n<section class=\"text-token-text-primary w-full focus:outline-none [--shadow-height:45px] has-data-writing-block:pointer-events-none has-data-writing-block:-mt-(--shadow-height) has-data-writing-block:pt-(--shadow-height) [&amp;:has([data-writing-block])&gt;*]:pointer-events-auto R6Vx5W_threadScrollVars scroll-mb-[calc(var(--scroll-root-safe-area-inset-bottom,0px)+var(--thread-response-height))] scroll-mt-[calc(var(--header-height)+min(200px,max(70px,20svh)))]\" dir=\"auto\" data-turn-id=\"request-WEB:ac36bf8e-76f3-41f8-bf68-497b582f0745-17\" data-testid=\"conversation-turn-14\" data-scroll-anchor=\"false\" data-turn=\"assistant\">\n<div class=\"text-base my-auto mx-auto pb-10 [--thread-content-margin:var(--thread-content-margin-xs,calc(var(--spacing)*4))] @w-sm\/main:[--thread-content-margin:var(--thread-content-margin-sm,calc(var(--spacing)*6))] @w-lg\/main:[--thread-content-margin:var(--thread-content-margin-lg,calc(var(--spacing)*16))] px-(--thread-content-margin)\">\n<div class=\"[--thread-content-max-width:40rem] @w-lg\/main:[--thread-content-max-width:48rem] mx-auto max-w-(--thread-content-max-width) flex-1 group\/turn-messages focus-visible:outline-hidden relative flex w-full min-w-0 flex-col agent-turn\">\n<div class=\"flex max-w-full flex-col gap-4 grow\">\n<div class=\"min-h-8 text-message relative flex w-full flex-col items-end gap-2 text-start break-words whitespace-normal outline-none keyboard-focused:focus-ring [.text-message+&amp;]:mt-1\" dir=\"auto\" tabindex=\"0\" data-message-author-role=\"assistant\" data-message-id=\"98510ae4-cff9-4010-94a0-7f7b35b91bc6\" data-message-model-slug=\"gpt-5-5\" data-turn-start-message=\"true\">\n<div class=\"flex w-full flex-col gap-1 empty:hidden\">\n<div class=\"markdown prose dark:prose-invert w-full wrap-break-word light markdown-new-styling\">\n<ul>\n<li data-start=\"534\" data-end=\"558\">wysoko\u015b\u0107 modu\u0142u: 58,2 cm<\/li>\n<li data-start=\"560\" data-end=\"653\">konstrukcja dopasowana do desek drewnianych 9,8 \u00d7 2 cm oraz lameli aluminiowych 9,9 \u00d7 1,95 cm<\/li>\n<li data-start=\"655\" data-end=\"717\">aluminiowa konstrukcja przeznaczona do zastosowa\u0144 zewn\u0119trznych<\/li>\n<li data-start=\"719\" data-end=\"758\">mo\u017cliwo\u015b\u0107 monta\u017cu pionowego i poziomego<\/li>\n<li data-start=\"719\" data-end=\"758\">mo\u017cliwo\u015b\u0107 \u0142\u0105czenia modu\u0142\u00f3w w wy\u017csz\u0105 zabudow\u0119<\/li>\n<li data-start=\"719\" data-end=\"758\">gotowe otwory pod \u015bruby mocuj\u0105ce deseczki lub lamele<\/li>\n<\/ul>\n<p data-start=\"105\" data-end=\"286\">Komplet przeznaczony do budowy regulowanych \u017caluzji zewn\u0119trznych z drewna lub aluminium. Mechanizm umo\u017cliwia p\u0142ynn\u0105 regulacj\u0119 k\u0105ta nachylenia deseczek bez u\u017cycia pr\u0105du i automatyki.<\/p>\n<p data-start=\"405\" data-end=\"478\">System przeznaczony do zabudowy taras\u00f3w, pergoli, balkon\u00f3w, altan i wiat.<\/p>\n<\/div>\n<p data-start=\"860\" data-end=\"886\"><strong>Wa\u017cna informacja monta\u017cowa<\/strong><\/p>\n<p data-start=\"888\" data-end=\"998\">W aluminiowych uchwytach<strong> ka\u017cd\u0105 desk\u0119 lub lamel\u0119 nale\u017cy przewierci\u0107 i przykr\u0119ci\u0107 do ruchomego ramienia uchwytu<\/strong>.<\/p>\n<\/div>\n<\/div>\n<\/div>\n<\/div>\n<\/div>\n<\/section>\n<\/div>\n","protected":false},"featured_media":143938,"comment_status":"open","ping_status":"closed","template":"","meta":{"_acf_changed":false},"product_brand":[],"product_cat":[200,15,369,340],"product_tag":[],"class_list":{"0":"post-143918","1":"product","2":"type-product","3":"status-publish","4":"has-post-thumbnail","6":"product_cat-shuttersy","7":"product_cat-wszystkie-produkty","8":"product_cat-zaluzje-ogrodowe","9":"product_cat-zaluzje-tarasowe","10":"product_shipping_class-paczka-mala","11":"tm-no-options","13":"first","14":"instock","15":"taxable","16":"shipping-taxable","17":"purchasable","18":"product-type-simple"},"acf":[],"_links":{"self":[{"href":"https:\/\/www.otwierane.pl\/en\/wp-json\/wp\/v2\/product\/143918","targetHints":{"allow":["GET"]}}],"collection":[{"href":"https:\/\/www.otwierane.pl\/en\/wp-json\/wp\/v2\/product"}],"about":[{"href":"https:\/\/www.otwierane.pl\/en\/wp-json\/wp\/v2\/types\/product"}],"replies":[{"embeddable":true,"href":"https:\/\/www.otwierane.pl\/en\/wp-json\/wp\/v2\/comments?post=143918"}],"wp:featuredmedia":[{"embeddable":true,"href":"https:\/\/www.otwierane.pl\/en\/wp-json\/wp\/v2\/media\/143938"}],"wp:attachment":[{"href":"https:\/\/www.otwierane.pl\/en\/wp-json\/wp\/v2\/media?parent=143918"}],"wp:term":[{"taxonomy":"product_brand","embeddable":true,"href":"https:\/\/www.otwierane.pl\/en\/wp-json\/wp\/v2\/product_brand?post=143918"},{"taxonomy":"product_cat","embeddable":true,"href":"https:\/\/www.otwierane.pl\/en\/wp-json\/wp\/v2\/product_cat?post=143918"},{"taxonomy":"product_tag","embeddable":true,"href":"https:\/\/www.otwierane.pl\/en\/wp-json\/wp\/v2\/product_tag?post=143918"}],"curies":[{"name":"wp","href":"https:\/\/api.w.org\/{rel}","templated":true}]}}