{"id":73,"date":"2023-07-14T20:50:39","date_gmt":"2023-07-14T18:50:39","guid":{"rendered":"https:\/\/dev.speedyweb.pl\/otwierane\/?page_id=73"},"modified":"2026-03-03T08:37:58","modified_gmt":"2026-03-03T07:37:58","slug":"contact","status":"publish","type":"page","link":"https:\/\/www.otwierane.pl\/en\/kontakt\/","title":{"rendered":"Contact"},"content":{"rendered":"<div class=\"wp-block-group map\"><div class=\"wp-block-group__inner-container is-layout-constrained wp-block-group-is-layout-constrained\">\n<iframe src=\"https:\/\/www.google.com\/maps\/embed?pb=!1m18!1m12!1m3!1d2439.1974676174173!2d21.180977899999995!3d52.3124192!2m3!1f0!2f0!3f0!3m2!1i1024!2i768!4f13.1!3m3!1m2!1s0x471ed020c65b071d%3A0x66622db7f1db04fc!2sJ%C3%B3zefa%20Poniatowskiego%2087%2C%2005-220%20Zielonka!5e0!3m2!1spl!2spl!4v1692870743622!5m2!1spl!2spl\" width=\"1920\" height=\"475\" style=\"border:0;\" allowfullscreen=\"\" loading=\"lazy\" referrerpolicy=\"no-referrer-when-downgrade\"><\/iframe>\n<\/div><\/div>\n\n\n\n<div class=\"wp-block-columns are-vertically-aligned-top is-layout-flex wp-container-core-columns-is-layout-9d6595d7 wp-block-columns-is-layout-flex\">\n<div class=\"wp-block-column is-vertically-aligned-top contact-yellow-section has-luminous-vivid-amber-background-color has-background is-layout-flow wp-block-column-is-layout-flow\" style=\"flex-basis:40%\">\n<h1 class=\"wp-block-heading section-title has-white-color has-text-color\">Contact details<\/h1>\n\n\n\n<div class=\"wp-block-columns is-not-stacked-on-mobile is-layout-flex wp-container-core-columns-is-layout-9d6595d7 wp-block-columns-is-layout-flex\">\n<div class=\"wp-block-column is-layout-flow wp-block-column-is-layout-flow\" style=\"flex-basis:16%\">\n<figure class=\"wp-block-image size-thumbnail is-resized\"><img decoding=\"async\" width=\"512\" height=\"512\" src=\"https:\/\/www.otwierane.pl\/wp-content\/uploads\/2026\/01\/shopping-cart-white.svg\" alt=\"Basket\" class=\"wp-image-108893\" style=\"object-fit:contain;width:50px;height:50px\"\/><\/figure>\n<\/div>\n\n\n\n<div class=\"wp-block-column is-layout-flow wp-block-column-is-layout-flow\" style=\"flex-basis:80%\">\n<p class=\"has-text-align-left has-black-color has-text-color has-link-color wp-elements-a92438e06f654afc90a9e1bbc995d3a2\" style=\"font-size:22px\"><strong>Shop<\/strong><\/p>\n\n\n\n<div style=\"height:20px\" aria-hidden=\"true\" class=\"wp-block-spacer\"><\/div>\n\n\n\n<p><strong>Order processing and product advice<\/strong><\/p>\n\n\n\n<div style=\"height:16px\" aria-hidden=\"true\" class=\"wp-block-spacer\"><\/div>\n\n\n\n<p class=\"has-text-align-left\" style=\"font-size:15px\"><img decoding=\"async\" width=\"16\" height=\"16\" class=\"wp-image-1669\" style=\"width: 16px;\" src=\"https:\/\/www.otwierane.pl\/wp-content\/uploads\/2023\/08\/phone-icon-white.svg\" alt=\"Telephone handset icon white\"> <a href=\"tel:48536707425\">+48 536 707 425<br><\/a><img decoding=\"async\" width=\"16\" height=\"14\" class=\"wp-image-1668\" style=\"width: 16px;\" src=\"https:\/\/www.otwierane.pl\/wp-content\/uploads\/2023\/08\/mail-icon-white.svg\" alt=\"Email icon white\"> <a href=\"mailto:sprzedaz@otwierane.pl\">sprzedaz@otwierane.pl<\/a><\/p>\n<\/div>\n<\/div>\n\n\n\n<div class=\"wp-block-columns is-not-stacked-on-mobile is-layout-flex wp-container-core-columns-is-layout-9d6595d7 wp-block-columns-is-layout-flex\">\n<div class=\"wp-block-column is-layout-flow wp-block-column-is-layout-flow\" style=\"flex-basis:16%\">\n<figure class=\"wp-block-image size-large is-resized\"><img decoding=\"async\" width=\"513\" height=\"513\" src=\"https:\/\/www.otwierane.pl\/wp-content\/uploads\/2026\/01\/tools-white.svg\" alt=\"Tools\" class=\"wp-image-108894\" style=\"object-fit:contain;width:50px;height:50px\"\/><\/figure>\n<\/div>\n\n\n\n<div class=\"wp-block-column is-layout-flow wp-block-column-is-layout-flow\" style=\"flex-basis:80%\">\n<p class=\"has-text-align-left has-black-color has-text-color has-link-color wp-elements-a23dcffdc4f83dff10bf19dd4d9e0347\" style=\"font-size:22px\"><strong>Services<\/strong><\/p>\n\n\n\n<div style=\"height:20px\" aria-hidden=\"true\" class=\"wp-block-spacer\"><\/div>\n\n\n\n<p><strong>Quotation for the realisation of canopies and side walls for terraces and balconies<\/strong><\/p>\n\n\n\n<div style=\"height:20px\" aria-hidden=\"true\" class=\"wp-block-spacer\"><\/div>\n\n\n\n<p class=\"has-text-align-left\" style=\"font-size:15px\"><img decoding=\"async\" width=\"16\" height=\"16\" class=\"wp-image-1669\" style=\"width: 16px;\" src=\"https:\/\/www.otwierane.pl\/wp-content\/uploads\/2023\/08\/phone-icon-white.svg\" alt=\"Telephone handset icon white\"> <a href=\"tel:530336595\">+48 530 336 595<\/a><br><img decoding=\"async\" width=\"16\" height=\"14\" class=\"wp-image-1668\" style=\"width: 16px;\" src=\"https:\/\/www.otwierane.pl\/wp-content\/uploads\/2023\/08\/mail-icon-white.svg\" alt=\"Email icon white\"> <a href=\"mailto:wycena@otwierane.pl\">wycena@otwierane.pl<\/a><\/p>\n<\/div>\n<\/div>\n\n\n\n<div class=\"wp-block-columns is-not-stacked-on-mobile is-layout-flex wp-container-core-columns-is-layout-9d6595d7 wp-block-columns-is-layout-flex\">\n<div class=\"wp-block-column is-layout-flow wp-block-column-is-layout-flow\" style=\"flex-basis:16%\">\n<figure class=\"wp-block-image size-thumbnail is-resized\"><img decoding=\"async\" width=\"50\" height=\"68\" src=\"https:\/\/www.otwierane.pl\/wp-content\/uploads\/2023\/08\/location-icon-white.svg\" alt=\"\" class=\"wp-image-1670\" style=\"object-fit:contain;width:50px;height:50px\"\/><\/figure>\n<\/div>\n\n\n\n<div class=\"wp-block-column is-layout-flow wp-block-column-is-layout-flow\" style=\"flex-basis:80%\">\n<p class=\"has-text-align-left\" style=\"font-size:22px\"><strong>Address<\/strong><\/p>\n\n\n\n<p class=\"has-text-align-left\" style=\"font-size:15px\"><a href=\"https:\/\/www.google.com\/maps\/place\/J%C3%B3zefa+Poniatowskiego+87,+05-220+Zielonka\/data=!4m2!3m1!1s0x471ed020c65b071d:0x66622db7f1db04fc?sa=X&amp;ved=2ahUKEwjFstubzsyAAxVgLBAIHejLDsAQ8gF6BAgPEAA&amp;ved=2ahUKEwjFstubzsyAAxVgLBAIHejLDsAQ8gF6BAgSEAI\" target=\"_blank\" rel=\"noreferrer noopener nofollow\">87 J\u00f3zefa Poniatowskiego Street,<br>05-220 Zielonka<\/a><br>(Road 634 is currently being repaired. Access possible according to \"access to property\" sign)<\/p>\n<\/div>\n<\/div>\n\n\n\n<div class=\"wp-block-columns is-not-stacked-on-mobile is-layout-flex wp-container-core-columns-is-layout-9d6595d7 wp-block-columns-is-layout-flex\">\n<div class=\"wp-block-column is-layout-flow wp-block-column-is-layout-flow\" style=\"flex-basis:16%\">\n<figure class=\"wp-block-image size-thumbnail is-resized\"><img decoding=\"async\" width=\"67\" height=\"67\" src=\"https:\/\/www.otwierane.pl\/wp-content\/uploads\/2023\/08\/clock-icon-white.svg\" alt=\"\" class=\"wp-image-1667\" style=\"object-fit:contain;width:50px;height:50px\"\/><\/figure>\n<\/div>\n\n\n\n<div class=\"wp-block-column is-layout-flow wp-block-column-is-layout-flow\" style=\"flex-basis:80%\">\n<p class=\"has-text-align-left\" style=\"font-size:22px\"><strong>Opening hours<\/strong><\/p>\n\n\n\n<p class=\"has-text-align-left\" style=\"font-size:15px\"><a href=\"https:\/\/www.google.com\/maps\/place\/J%C3%B3zefa+Poniatowskiego+87,+05-220+Zielonka\/data=!4m2!3m1!1s0x471ed020c65b071d:0x66622db7f1db04fc?sa=X&amp;ved=2ahUKEwjFstubzsyAAxVgLBAIHejLDsAQ8gF6BAgPEAA&amp;ved=2ahUKEwjFstubzsyAAxVgLBAIHejLDsAQ8gF6BAgSEAI\" target=\"_blank\" rel=\"noreferrer noopener nofollow\"><\/a><a href=\"tel:+48 530 336 595\"><\/a>8 am to 4 pm Monday to Friday<\/p>\n<\/div>\n<\/div>\n\n\n\n<div class=\"wp-block-columns is-not-stacked-on-mobile is-layout-flex wp-container-core-columns-is-layout-9d6595d7 wp-block-columns-is-layout-flex\">\n<div class=\"wp-block-column is-layout-flow wp-block-column-is-layout-flow\" style=\"flex-basis:16%\">\n<figure class=\"wp-block-image size-thumbnail is-resized\"><img decoding=\"async\" width=\"512\" height=\"512\" src=\"https:\/\/www.otwierane.pl\/wp-content\/uploads\/2026\/03\/information.svg\" alt=\"Information icon\" class=\"wp-image-131844\" style=\"object-fit:contain;width:50px;height:50px\"\/><\/figure>\n<\/div>\n\n\n\n<div class=\"wp-block-column is-layout-flow wp-block-column-is-layout-flow\" style=\"flex-basis:80%\">\n<p class=\"has-text-align-left\" style=\"font-size:22px\"><strong>Don't have time to view our canopies and built-ins on weekdays?<\/strong><\/p>\n\n\n\n<div style=\"height:24px\" aria-hidden=\"true\" class=\"wp-block-spacer\"><\/div>\n\n\n\n<p class=\"has-text-align-left\" style=\"font-size:15px\">Visit us on a Saturday. We'll show you realisations and discuss options to suit your space.<\/p>\n\n\n\n<div style=\"height:24px\" aria-hidden=\"true\" class=\"wp-block-spacer\"><\/div>\n\n\n\n<p class=\"has-text-align-left\" style=\"font-size:15px\">Advance telephone appointment required:<br><strong>+48 530 336 595<\/strong><br><\/p>\n<\/div>\n<\/div>\n\n\n\n<ul class=\"wp-block-social-links has-large-icon-size has-icon-color is-style-logos-only is-layout-flex wp-block-social-links-is-layout-flex\"><li style=\"color:#ffffff;\" class=\"wp-social-link wp-social-link-facebook has-white-color wp-block-social-link\"><a rel=\"noopener nofollow\" target=\"_blank\" href=\"https:\/\/www.facebook.com\/OtwieranePl\" class=\"wp-block-social-link-anchor\"><svg width=\"24\" height=\"24\" viewbox=\"0 0 24 24\" version=\"1.1\" xmlns=\"http:\/\/www.w3.org\/2000\/svg\" aria-hidden=\"true\" focusable=\"false\"><path d=\"M12 2C6.5 2 2 6.5 2 12c0 5 3.7 9.1 8.4 9.9v-7H7.9V12h2.5V9.8c0-2.5 1.5-3.9 3.8-3.9 1.1 0 2.2.2 2.2.2v2.5h-1.3c-1.2 0-1.6.8-1.6 1.6V12h2.8l-.4 2.9h-2.3v7C18.3 21.1 22 17 22 12c0-5.5-4.5-10-10-10z\"><\/path><\/svg><span class=\"wp-block-social-link-label screen-reader-text\">Facebook<\/span><\/a><\/li>\n\n<li style=\"color:#ffffff;\" class=\"wp-social-link wp-social-link-youtube has-white-color wp-block-social-link\"><a rel=\"noopener nofollow\" target=\"_blank\" href=\"https:\/\/www.youtube.com\/channel\/UCGIO0exgvRLCbr46JBl0U7Q\" class=\"wp-block-social-link-anchor\"><svg width=\"24\" height=\"24\" viewbox=\"0 0 24 24\" version=\"1.1\" xmlns=\"http:\/\/www.w3.org\/2000\/svg\" aria-hidden=\"true\" focusable=\"false\"><path d=\"M21.8,8.001c0,0-0.195-1.378-0.795-1.985c-0.76-0.797-1.613-0.801-2.004-0.847c-2.799-0.202-6.997-0.202-6.997-0.202 h-0.009c0,0-4.198,0-6.997,0.202C4.608,5.216,3.756,5.22,2.995,6.016C2.395,6.623,2.2,8.001,2.2,8.001S2,9.62,2,11.238v1.517 c0,1.618,0.2,3.237,0.2,3.237s0.195,1.378,0.795,1.985c0.761,0.797,1.76,0.771,2.205,0.855c1.6,0.153,6.8,0.201,6.8,0.201 s4.203-0.006,7.001-0.209c0.391-0.047,1.243-0.051,2.004-0.847c0.6-0.607,0.795-1.985,0.795-1.985s0.2-1.618,0.2-3.237v-1.517 C22,9.62,21.8,8.001,21.8,8.001z M9.935,14.594l-0.001-5.62l5.404,2.82L9.935,14.594z\"><\/path><\/svg><span class=\"wp-block-social-link-label screen-reader-text\">YouTube<\/span><\/a><\/li>\n\n<li style=\"color:#ffffff;\" class=\"wp-social-link wp-social-link-instagram has-white-color wp-block-social-link\"><a rel=\"noopener nofollow\" target=\"_blank\" href=\"https:\/\/www.instagram.com\/otwierane.pl\/\" class=\"wp-block-social-link-anchor\"><svg width=\"24\" height=\"24\" viewbox=\"0 0 24 24\" version=\"1.1\" xmlns=\"http:\/\/www.w3.org\/2000\/svg\" aria-hidden=\"true\" focusable=\"false\"><path d=\"M12,4.622c2.403,0,2.688,0.009,3.637,0.052c0.877,0.04,1.354,0.187,1.671,0.31c0.42,0.163,0.72,0.358,1.035,0.673 c0.315,0.315,0.51,0.615,0.673,1.035c0.123,0.317,0.27,0.794,0.31,1.671c0.043,0.949,0.052,1.234,0.052,3.637 s-0.009,2.688-0.052,3.637c-0.04,0.877-0.187,1.354-0.31,1.671c-0.163,0.42-0.358,0.72-0.673,1.035 c-0.315,0.315-0.615,0.51-1.035,0.673c-0.317,0.123-0.794,0.27-1.671,0.31c-0.949,0.043-1.233,0.052-3.637,0.052 s-2.688-0.009-3.637-0.052c-0.877-0.04-1.354-0.187-1.671-0.31c-0.42-0.163-0.72-0.358-1.035-0.673 c-0.315-0.315-0.51-0.615-0.673-1.035c-0.123-0.317-0.27-0.794-0.31-1.671C4.631,14.688,4.622,14.403,4.622,12 s0.009-2.688,0.052-3.637c0.04-0.877,0.187-1.354,0.31-1.671c0.163-0.42,0.358-0.72,0.673-1.035 c0.315-0.315,0.615-0.51,1.035-0.673c0.317-0.123,0.794-0.27,1.671-0.31C9.312,4.631,9.597,4.622,12,4.622 M12,3 C9.556,3,9.249,3.01,8.289,3.054C7.331,3.098,6.677,3.25,6.105,3.472C5.513,3.702,5.011,4.01,4.511,4.511 c-0.5,0.5-0.808,1.002-1.038,1.594C3.25,6.677,3.098,7.331,3.054,8.289C3.01,9.249,3,9.556,3,12c0,2.444,0.01,2.751,0.054,3.711 c0.044,0.958,0.196,1.612,0.418,2.185c0.23,0.592,0.538,1.094,1.038,1.594c0.5,0.5,1.002,0.808,1.594,1.038 c0.572,0.222,1.227,0.375,2.185,0.418C9.249,20.99,9.556,21,12,21s2.751-0.01,3.711-0.054c0.958-0.044,1.612-0.196,2.185-0.418 c0.592-0.23,1.094-0.538,1.594-1.038c0.5-0.5,0.808-1.002,1.038-1.594c0.222-0.572,0.375-1.227,0.418-2.185 C20.99,14.751,21,14.444,21,12s-0.01-2.751-0.054-3.711c-0.044-0.958-0.196-1.612-0.418-2.185c-0.23-0.592-0.538-1.094-1.038-1.594 c-0.5-0.5-1.002-0.808-1.594-1.038c-0.572-0.222-1.227-0.375-2.185-0.418C14.751,3.01,14.444,3,12,3L12,3z M12,7.378 c-2.552,0-4.622,2.069-4.622,4.622S9.448,16.622,12,16.622s4.622-2.069,4.622-4.622S14.552,7.378,12,7.378z M12,15 c-1.657,0-3-1.343-3-3s1.343-3,3-3s3,1.343,3,3S13.657,15,12,15z M16.804,6.116c-0.596,0-1.08,0.484-1.08,1.08 s0.484,1.08,1.08,1.08c0.596,0,1.08-0.484,1.08-1.08S17.401,6.116,16.804,6.116z\"><\/path><\/svg><span class=\"wp-block-social-link-label screen-reader-text\">Instagram<\/span><\/a><\/li>\n\n<li style=\"color:#ffffff;\" class=\"wp-social-link wp-social-link-pinterest has-white-color wp-block-social-link\"><a rel=\"noopener nofollow\" target=\"_blank\" href=\"https:\/\/pl.pinterest.com\/otwieranepl\/_created\/\" class=\"wp-block-social-link-anchor\"><svg width=\"24\" height=\"24\" viewbox=\"0 0 24 24\" version=\"1.1\" xmlns=\"http:\/\/www.w3.org\/2000\/svg\" aria-hidden=\"true\" focusable=\"false\"><path d=\"M12.289,2C6.617,2,3.606,5.648,3.606,9.622c0,1.846,1.025,4.146,2.666,4.878c0.25,0.111,0.381,0.063,0.439-0.169 c0.044-0.175,0.267-1.029,0.365-1.428c0.032-0.128,0.017-0.237-0.091-0.362C6.445,11.911,6.01,10.75,6.01,9.668 c0-2.777,2.194-5.464,5.933-5.464c3.23,0,5.49,2.108,5.49,5.122c0,3.407-1.794,5.768-4.13,5.768c-1.291,0-2.257-1.021-1.948-2.277 c0.372-1.495,1.089-3.112,1.089-4.191c0-0.967-0.542-1.775-1.663-1.775c-1.319,0-2.379,1.309-2.379,3.059 c0,1.115,0.394,1.869,0.394,1.869s-1.302,5.279-1.54,6.261c-0.405,1.666,0.053,4.368,0.094,4.604 c0.021,0.126,0.167,0.169,0.25,0.063c0.129-0.165,1.699-2.419,2.142-4.051c0.158-0.59,0.817-2.995,0.817-2.995 c0.43,0.784,1.681,1.446,3.013,1.446c3.963,0,6.822-3.494,6.822-7.833C20.394,5.112,16.849,2,12.289,2\"><\/path><\/svg><span class=\"wp-block-social-link-label screen-reader-text\">Pinterest<\/span><\/a><\/li><\/ul>\n<\/div>\n\n\n\n<div class=\"wp-block-column is-vertically-aligned-top is-layout-flow wp-block-column-is-layout-flow\" style=\"flex-basis:55%\">\n<div style=\"height:40px\" aria-hidden=\"true\" class=\"wp-block-spacer\"><\/div>\n\n\n\n<div class=\"wp-block-group\"><div class=\"wp-block-group__inner-container is-layout-constrained wp-block-group-is-layout-constrained\">\n<p class=\"has-text-align-left subheadline\">FILL IN THE FORM BELOW<\/p>\n\n\n\n<h2 class=\"wp-block-heading has-text-align-left section-title\">Contact form<\/h2>\n\n\n\n<p class=\"has-text-align-left\">If you would like a quote for a side building or canopy, please go to the appropriate tab with the form<a style=\"color: #FCBE00;\" href=\"https:\/\/www.otwierane.pl\/en\/terrace-building-services\/#services-form\" data-type=\"page\" data-id=\"2189\"> TERRACE SIDE DEVELOPMENT<\/a> or <a style=\"color: #009EE2;\" href=\"https:\/\/www.otwierane.pl\/en\/terrace-roofing\/#services-form\" data-type=\"page\" data-id=\"101580\">TERRACE ROOFING<\/a>. For all other cases, fill in the form below:<\/p>\n<\/div><\/div>\n\n\n\n<div class=\"wp-block-contact-form-7-contact-form-selector\">\n<div class=\"wpcf7 no-js\" id=\"wpcf7-f1687-o1\" lang=\"pl-PL\" dir=\"ltr\" data-wpcf7-id=\"1687\">\n<div class=\"screen-reader-response\"><p role=\"status\" aria-live=\"polite\" aria-atomic=\"true\"><\/p> <ul><\/ul><\/div>\n<form action=\"\/en\/wp-json\/wp\/v2\/pages\/73#wpcf7-f1687-o1\" method=\"post\" class=\"wpcf7-form init\" aria-label=\"Contact form\" novalidate=\"novalidate\" data-status=\"init\" data-trp-original-action=\"\/en\/wp-json\/wp\/v2\/pages\/73#wpcf7-f1687-o1\">\n<fieldset class=\"hidden-fields-container\"><input type=\"hidden\" name=\"_wpcf7\" value=\"1687\" \/><input type=\"hidden\" name=\"_wpcf7_version\" value=\"6.1.5\" \/><input type=\"hidden\" name=\"_wpcf7_locale\" value=\"pl_PL\" \/><input type=\"hidden\" name=\"_wpcf7_unit_tag\" value=\"wpcf7-f1687-o1\" \/><input type=\"hidden\" name=\"_wpcf7_container_post\" value=\"0\" \/><input type=\"hidden\" name=\"_wpcf7_posted_data_hash\" value=\"\" \/><input type=\"hidden\" name=\"_wpcf7cf_hidden_group_fields\" value=\"[]\" \/><input type=\"hidden\" name=\"_wpcf7cf_hidden_groups\" value=\"[]\" \/><input type=\"hidden\" name=\"_wpcf7cf_visible_groups\" value=\"[]\" \/><input type=\"hidden\" name=\"_wpcf7cf_repeaters\" value=\"[]\" \/><input type=\"hidden\" name=\"_wpcf7cf_steps\" value=\"{}\" \/><input type=\"hidden\" name=\"_wpcf7cf_options\" value=\"{&quot;form_id&quot;:1687,&quot;conditions&quot;:[],&quot;settings&quot;:{&quot;animation&quot;:&quot;yes&quot;,&quot;animation_intime&quot;:200,&quot;animation_outtime&quot;:200,&quot;conditions_ui&quot;:&quot;normal&quot;,&quot;notice_dismissed&quot;:false,&quot;notice_dismissed_rollback-cf7-6.0.4&quot;:true,&quot;notice_dismissed_rollback-cf7-6.0.5&quot;:true,&quot;notice_dismissed_rollback-cf7-6.0.6&quot;:true,&quot;notice_dismissed_rollback-cf7-6.1&quot;:true,&quot;notice_dismissed_rollback-cf7-6.1.4&quot;:true}}\" \/>\n<\/fieldset>\n<div class=\"row\">\n\t\t<div class=\"col-sm-6\">\n\t\t\t<div class=\"input-group\"><span class=\"wpcf7-form-control-wrap\" data-name=\"your-name\"><input size=\"40\" maxlength=\"400\" class=\"wpcf7-form-control wpcf7-text\" aria-invalid=\"false\" placeholder=\"Name*\" value=\"\" type=\"text\" name=\"your-name\" \/><\/span><\/div>\n\t\t<\/div>\n\t\t<div class=\"col-sm-6\">\n\t\t\t<div class=\"input-group\">\n\t\t\t\t<span class=\"wpcf7-form-control-wrap\" data-name=\"your-email\"><input size=\"40\" maxlength=\"400\" class=\"wpcf7-form-control wpcf7-email wpcf7-validates-as-required wpcf7-text wpcf7-validates-as-email\" aria-required=\"true\" aria-invalid=\"false\" placeholder=\"E-mail *\" value=\"\" type=\"email\" name=\"your-email\" \/><\/span><\/div>\n\t\t<\/div>\n<\/div>\n\n<div class=\"row\">\n<div class=\"col-sm-12\">\n\t\t\t<div class=\"input-group input-button\">\n<span class=\"wpcf7-form-control-wrap\" data-name=\"your-topic\"><input size=\"40\" maxlength=\"400\" class=\"wpcf7-form-control wpcf7-text\" aria-invalid=\"false\" placeholder=\"Subject\" value=\"\" type=\"text\" name=\"your-topic\" \/><\/span>\n<\/div>\n<\/div>\n<\/div>\n<div class=\"row\">\n\t\t<div class=\"col-sm-12\">\n\t\t\t<div class=\"input-group input-button\"><span class=\"wpcf7-form-control-wrap\" data-name=\"your-message\"><textarea cols=\"40\" rows=\"5\" maxlength=\"2000\" class=\"wpcf7-form-control wpcf7-textarea\" aria-invalid=\"false\" placeholder=\"Message\" name=\"your-message\"><\/textarea><\/span>\n\t\t\t<\/div>\n\t\t<\/div>\n<\/div>\n<div class=\"col-sm-12\">\n\t\t\t<div class=\"input-group\">\n\t\t\t\t<label> <span class=\"wpcf7-form-control-wrap\" data-name=\"rodo\"><span class=\"wpcf7-form-control wpcf7-acceptance\"><span class=\"wpcf7-list-item\"><label><input type=\"checkbox\" name=\"rodo\" value=\"1\" aria-invalid=\"false\" \/><span class=\"wpcf7-list-item-label\">I declare that I have acquainted myself with <a href=\"https:\/\/www.otwierane.pl\/en\/privacy-policy\/\" target=\"_blank\">Privacy Policy<\/a> Online shop Otwierane.pl and the company Hossa Katarzyna Matusik<\/span><\/label><\/span><\/span><\/span><\/label>\n\t\t\t<\/div>\n\t\t<\/div>\n\t\t<div class=\"col-sm-12\">\n\t\t\t<div class=\"input-group input-button\"><input class=\"wpcf7-form-control wpcf7-submit has-spinner\" type=\"submit\" value=\"Send\" \/><\/div>\n\t\t<\/div>\n\t<input type=\"hidden\" name=\"trp-form-language\" value=\"en\"\/><\/div><div class=\"wpcf7-response-output\" aria-hidden=\"true\"><\/div>\n<\/form>\n<\/div>\n<\/div>\n<\/div>\n<\/div>","protected":false},"excerpt":{"rendered":"<p>Contact details Shop Order processing and product advice +48 536 707 425 sprzedaz@otwierane.pl Services Quotation for the realisation of canopies and lateral terrace structures....<\/p>","protected":false},"author":2,"featured_media":0,"parent":0,"menu_order":0,"comment_status":"closed","ping_status":"closed","template":"","meta":{"_acf_changed":false,"footnotes":""},"class_list":["post-73","page","type-page","status-publish","hentry"],"acf":[],"meta_title":"Kontakt - zam\u00f3w drewniane \u017caluzje do swojego domu lub ogrodu","meta_description":"Zam\u00f3w drewniane \u017caluzje (zewn\u0119trzne i wewn\u0119trzne) do swojego domu lub ogrodu i ciesz si\u0119 spokojem i ochron\u0105 przez ca\u0142y rok. ","meta_keyword":"kontakt,drewniane \u017caluzje,dom,ogr\u00f3d,ochrona przez ca\u0142y rok","meta_robots":"","_links":{"self":[{"href":"https:\/\/www.otwierane.pl\/en\/wp-json\/wp\/v2\/pages\/73","targetHints":{"allow":["GET"]}}],"collection":[{"href":"https:\/\/www.otwierane.pl\/en\/wp-json\/wp\/v2\/pages"}],"about":[{"href":"https:\/\/www.otwierane.pl\/en\/wp-json\/wp\/v2\/types\/page"}],"author":[{"embeddable":true,"href":"https:\/\/www.otwierane.pl\/en\/wp-json\/wp\/v2\/users\/2"}],"replies":[{"embeddable":true,"href":"https:\/\/www.otwierane.pl\/en\/wp-json\/wp\/v2\/comments?post=73"}],"version-history":[{"count":48,"href":"https:\/\/www.otwierane.pl\/en\/wp-json\/wp\/v2\/pages\/73\/revisions"}],"predecessor-version":[{"id":131847,"href":"https:\/\/www.otwierane.pl\/en\/wp-json\/wp\/v2\/pages\/73\/revisions\/131847"}],"wp:attachment":[{"href":"https:\/\/www.otwierane.pl\/en\/wp-json\/wp\/v2\/media?parent=73"}],"curies":[{"name":"wp","href":"https:\/\/api.w.org\/{rel}","templated":true}]}}