{"id":61,"date":"2023-07-14T16:55:44","date_gmt":"2023-07-14T14:55:44","guid":{"rendered":"https:\/\/dev.speedyweb.pl\/otwierane\/?page_id=61"},"modified":"2024-02-26T21:49:52","modified_gmt":"2024-02-26T20:49:52","slug":"realisations-of-terrace-structures","status":"publish","type":"page","link":"https:\/\/www.otwierane.pl\/en\/realizacje-zabudowy-tarasow\/","title":{"rendered":"Realisations"},"content":{"rendered":"<div class=\"wp-block-group\"><div class=\"wp-block-group__inner-container is-layout-constrained wp-block-group-is-layout-constrained\">\n<p class=\"has-text-align-center\"><\/p>\n\n\n\n<p><\/p>\n<\/div><\/div>","protected":false},"excerpt":{"rendered":"","protected":false},"author":2,"featured_media":2867,"parent":0,"menu_order":0,"comment_status":"closed","ping_status":"closed","template":"archive-portfolio.php","meta":{"_acf_changed":false,"footnotes":""},"class_list":["post-61","page","type-page","status-publish","has-post-thumbnail","hentry"],"acf":[],"meta_title":"Realizacje zabudowy taras\u00f3w, balkon\u00f3w, pergoli, wiat","meta_description":"Realizacje zabudowy taras\u00f3w, balkon\u00f3w, pergoli, wiat. Zobacz, jak mo\u017cesz  zaaran\u017cowa\u0107 przestrze\u0144 przy pomocy ruchomych \u017caluzji zewn\u0119trznych. ","meta_keyword":"realizacje","meta_robots":"","_links":{"self":[{"href":"https:\/\/www.otwierane.pl\/en\/wp-json\/wp\/v2\/pages\/61","targetHints":{"allow":["GET"]}}],"collection":[{"href":"https:\/\/www.otwierane.pl\/en\/wp-json\/wp\/v2\/pages"}],"about":[{"href":"https:\/\/www.otwierane.pl\/en\/wp-json\/wp\/v2\/types\/page"}],"author":[{"embeddable":true,"href":"https:\/\/www.otwierane.pl\/en\/wp-json\/wp\/v2\/users\/2"}],"replies":[{"embeddable":true,"href":"https:\/\/www.otwierane.pl\/en\/wp-json\/wp\/v2\/comments?post=61"}],"version-history":[{"count":0,"href":"https:\/\/www.otwierane.pl\/en\/wp-json\/wp\/v2\/pages\/61\/revisions"}],"wp:featuredmedia":[{"embeddable":true,"href":"https:\/\/www.otwierane.pl\/en\/wp-json\/wp\/v2\/media\/2867"}],"wp:attachment":[{"href":"https:\/\/www.otwierane.pl\/en\/wp-json\/wp\/v2\/media?parent=61"}],"curies":[{"name":"wp","href":"https:\/\/api.w.org\/{rel}","templated":true}]}}