{"id":101543,"date":"2025-01-07T14:42:58","date_gmt":"2025-01-07T13:42:58","guid":{"rendered":"https:\/\/www.otwierane.pl\/?page_id=101543"},"modified":"2025-01-07T15:34:44","modified_gmt":"2025-01-07T14:34:44","slug":"realisations-terrace-roofing","status":"publish","type":"page","link":"https:\/\/www.otwierane.pl\/en\/realizacje-zadaszenie-tarasu\/","title":{"rendered":"Realisations of terrace roofing"},"content":{"rendered":"<div class=\"wp-block-group\"><div class=\"wp-block-group__inner-container is-layout-constrained wp-block-group-is-layout-constrained\">\n<p class=\"has-text-align-center\"><\/p>\n\n\n\n<p><\/p>\n<\/div><\/div>","protected":false},"excerpt":{"rendered":"","protected":false},"author":2,"featured_media":101422,"parent":0,"menu_order":0,"comment_status":"closed","ping_status":"closed","template":"archive-portfolio-2.php","meta":{"_acf_changed":false,"footnotes":""},"class_list":["post-101543","page","type-page","status-publish","has-post-thumbnail","hentry"],"acf":[],"meta_title":"Realizacje zadaszenie taras\u00f3w, balkon\u00f3w, pergoli, wiat","meta_description":"Realizacje zadaszenie taras\u00f3w, balkon\u00f3w, pergoli, wiat. Zobacz, jak mo\u017cesz  zaaran\u017cowa\u0107 przestrze\u0144 przy pomocy ruchomych \u017caluzji zewn\u0119trznych. ","meta_keyword":"realizacje","meta_robots":"","_links":{"self":[{"href":"https:\/\/www.otwierane.pl\/en\/wp-json\/wp\/v2\/pages\/101543","targetHints":{"allow":["GET"]}}],"collection":[{"href":"https:\/\/www.otwierane.pl\/en\/wp-json\/wp\/v2\/pages"}],"about":[{"href":"https:\/\/www.otwierane.pl\/en\/wp-json\/wp\/v2\/types\/page"}],"author":[{"embeddable":true,"href":"https:\/\/www.otwierane.pl\/en\/wp-json\/wp\/v2\/users\/2"}],"replies":[{"embeddable":true,"href":"https:\/\/www.otwierane.pl\/en\/wp-json\/wp\/v2\/comments?post=101543"}],"version-history":[{"count":1,"href":"https:\/\/www.otwierane.pl\/en\/wp-json\/wp\/v2\/pages\/101543\/revisions"}],"predecessor-version":[{"id":101544,"href":"https:\/\/www.otwierane.pl\/en\/wp-json\/wp\/v2\/pages\/101543\/revisions\/101544"}],"wp:featuredmedia":[{"embeddable":true,"href":"https:\/\/www.otwierane.pl\/en\/wp-json\/wp\/v2\/media\/101422"}],"wp:attachment":[{"href":"https:\/\/www.otwierane.pl\/en\/wp-json\/wp\/v2\/media?parent=101543"}],"curies":[{"name":"wp","href":"https:\/\/api.w.org\/{rel}","templated":true}]}}